{"id":4926,"date":"2024-12-11T23:48:36","date_gmt":"2024-12-11T22:48:36","guid":{"rendered":"https:\/\/elsatriolet-lemee77.fr\/?page_id=4926"},"modified":"2024-12-11T23:49:35","modified_gmt":"2024-12-11T22:49:35","slug":"bourses","status":"publish","type":"page","link":"https:\/\/elsatriolet-lemee77.fr\/index.php\/vie-de-leleve\/bourses\/","title":{"rendered":"Bourses"},"content":{"rendered":"\n<p>En cas de question, n&rsquo;h\u00e9sitez pas \u00e0 contacter le service intendance du coll\u00e8ge.<\/p>\n\n\n\n<div data-wp-interactive=\"core\/file\" class=\"wp-block-file\"><object data-wp-bind--hidden=\"!state.hasPdfPreview\" hidden class=\"wp-block-file__embed\" data=\"https:\/\/elsatriolet-lemee77.fr\/wp-content\/uploads\/2024\/12\/2024_bourse-nationale_flyer.pdf\" type=\"application\/pdf\" style=\"width:100%;height:600px\" aria-label=\"Contenu embarqu\u00e9 2024_bourse-nationale_flyer.\"><\/object><a id=\"wp-block-file--media-c7d2ca9e-174a-4e8a-a572-dcd1f67ab7c1\" href=\"https:\/\/elsatriolet-lemee77.fr\/wp-content\/uploads\/2024\/12\/2024_bourse-nationale_flyer.pdf\">2024_bourse-nationale_flyer<\/a><a href=\"https:\/\/elsatriolet-lemee77.fr\/wp-content\/uploads\/2024\/12\/2024_bourse-nationale_flyer.pdf\" class=\"wp-block-file__button wp-element-button\" download aria-describedby=\"wp-block-file--media-c7d2ca9e-174a-4e8a-a572-dcd1f67ab7c1\">T\u00e9l\u00e9charger<\/a><\/div>\n","protected":false},"excerpt":{"rendered":"<p>En cas de question, n&rsquo;h\u00e9sitez pas \u00e0 contacter le service intendance du coll\u00e8ge.<\/p>\n","protected":false},"author":1,"featured_media":6929,"parent":7039,"menu_order":0,"comment_status":"closed","ping_status":"closed","template":"","meta":{"footnotes":""},"class_list":["post-4926","page","type-page","status-publish","has-post-thumbnail","czr-hentry"],"jetpack_shortlink":"https:\/\/wp.me\/PaBVJD-1hs","jetpack_sharing_enabled":true,"_links":{"self":[{"href":"https:\/\/elsatriolet-lemee77.fr\/index.php\/wp-json\/wp\/v2\/pages\/4926","targetHints":{"allow":["GET"]}}],"collection":[{"href":"https:\/\/elsatriolet-lemee77.fr\/index.php\/wp-json\/wp\/v2\/pages"}],"about":[{"href":"https:\/\/elsatriolet-lemee77.fr\/index.php\/wp-json\/wp\/v2\/types\/page"}],"author":[{"embeddable":true,"href":"https:\/\/elsatriolet-lemee77.fr\/index.php\/wp-json\/wp\/v2\/users\/1"}],"replies":[{"embeddable":true,"href":"https:\/\/elsatriolet-lemee77.fr\/index.php\/wp-json\/wp\/v2\/comments?post=4926"}],"version-history":[{"count":3,"href":"https:\/\/elsatriolet-lemee77.fr\/index.php\/wp-json\/wp\/v2\/pages\/4926\/revisions"}],"predecessor-version":[{"id":7044,"href":"https:\/\/elsatriolet-lemee77.fr\/index.php\/wp-json\/wp\/v2\/pages\/4926\/revisions\/7044"}],"up":[{"embeddable":true,"href":"https:\/\/elsatriolet-lemee77.fr\/index.php\/wp-json\/wp\/v2\/pages\/7039"}],"wp:featuredmedia":[{"embeddable":true,"href":"https:\/\/elsatriolet-lemee77.fr\/index.php\/wp-json\/wp\/v2\/media\/6929"}],"wp:attachment":[{"href":"https:\/\/elsatriolet-lemee77.fr\/index.php\/wp-json\/wp\/v2\/media?parent=4926"}],"curies":[{"name":"wp","href":"https:\/\/api.w.org\/{rel}","templated":true}]}}